{"id":31992,"date":"2025-10-14T19:17:24","date_gmt":"2025-10-14T19:17:24","guid":{"rendered":"https:\/\/thecolemanlawgroup.com\/contacta-con-nosotros\/"},"modified":"2026-03-09T11:56:55","modified_gmt":"2026-03-09T11:56:55","slug":"contacta-con-nosotros","status":"publish","type":"page","link":"https:\/\/thecolemanlawgroup.com\/es\/contacta-con-nosotros\/","title":{"rendered":"Contacta con nosotros"},"content":{"rendered":"\t\t<div data-elementor-type=\"wp-page\" data-elementor-id=\"31992\" class=\"elementor elementor-31992 elementor-29329\" data-elementor-post-type=\"page\">\n\t\t\t\t<div class=\"elementor-element elementor-element-0cfd4df e-flex e-con-boxed e-con e-parent\" data-id=\"0cfd4df\" data-element_type=\"container\" data-settings=\"{&quot;background_background&quot;:&quot;classic&quot;}\">\n\t\t\t\t\t<div class=\"e-con-inner\">\n\t\t<div class=\"elementor-element elementor-element-9a34e54 e-con-full e-flex e-con e-child\" data-id=\"9a34e54\" data-element_type=\"container\">\n\t\t<div class=\"elementor-element elementor-element-fa5740d e-con-full e-flex e-con e-child\" data-id=\"fa5740d\" data-element_type=\"container\">\n\t\t\t\t<div class=\"elementor-element elementor-element-f2a2fb2 elementor-widget elementor-widget-heading\" data-id=\"f2a2fb2\" data-element_type=\"widget\" data-widget_type=\"heading.default\">\n\t\t\t\t<div class=\"elementor-widget-container\">\n\t\t\t\t\t<h2 class=\"elementor-heading-title elementor-size-default\">Contactanos<\/h2>\t\t\t\t<\/div>\n\t\t\t\t<\/div>\n\t\t<div class=\"elementor-element elementor-element-f255c3f e-con-full e-flex e-con e-child\" data-id=\"f255c3f\" data-element_type=\"container\">\n\t\t\t\t<div class=\"elementor-element elementor-element-f1e1b7e elementor-widget elementor-widget-text-editor\" data-id=\"f1e1b7e\" data-element_type=\"widget\" data-widget_type=\"text-editor.default\">\n\t\t\t\t<div class=\"elementor-widget-container\">\n\t\t\t\t\t\t\t\t\t<p>Estaremos encantados de hablar con usted.<\/p>\t\t\t\t\t\t\t\t<\/div>\n\t\t\t\t<\/div>\n\t\t\t\t<\/div>\n\t\t\t\t<div class=\"elementor-element elementor-element-18ed41a elementor-widget elementor-widget-image\" data-id=\"18ed41a\" data-element_type=\"widget\" data-widget_type=\"image.default\">\n\t\t\t\t<div class=\"elementor-widget-container\">\n\t\t\t\t\t\t\t\t\t\t\t\t\t\t\t<img fetchpriority=\"high\" decoding=\"async\" width=\"702\" height=\"94\" src=\"https:\/\/thecolemanlawgroup.com\/wp-content\/uploads\/2025\/10\/Group-1000004476.png\" class=\"attachment-large size-large wp-image-31823\" alt=\"Certificaciones y rese\u00f1as de Google\" srcset=\"https:\/\/thecolemanlawgroup.com\/wp-content\/uploads\/2025\/10\/Group-1000004476.png 702w, https:\/\/thecolemanlawgroup.com\/wp-content\/uploads\/2025\/10\/Group-1000004476-300x40.png 300w\" sizes=\"(max-width: 702px) 100vw, 702px\" \/>\t\t\t\t\t\t\t\t\t\t\t\t\t\t\t<\/div>\n\t\t\t\t<\/div>\n\t\t\t\t<\/div>\n\t\t<div class=\"elementor-element elementor-element-776340a e-con-full elementor-hidden-mobile e-flex e-con e-child\" data-id=\"776340a\" data-element_type=\"container\" data-settings=\"{&quot;background_background&quot;:&quot;classic&quot;}\">\n\t\t\t\t<\/div>\n\t\t\t\t<\/div>\n\t\t\t\t\t<\/div>\n\t\t\t\t<\/div>\n\t\t<div class=\"elementor-element elementor-element-5496ade e-flex e-con-boxed e-con e-parent\" data-id=\"5496ade\" data-element_type=\"container\" data-settings=\"{&quot;background_background&quot;:&quot;classic&quot;}\">\n\t\t\t\t\t<div class=\"e-con-inner\">\n\t\t\t\t<div class=\"elementor-element elementor-element-fdf59bb elementor-widget elementor-widget-heading\" data-id=\"fdf59bb\" data-element_type=\"widget\" data-widget_type=\"heading.default\">\n\t\t\t\t<div class=\"elementor-widget-container\">\n\t\t\t\t\t<h2 class=\"elementor-heading-title elementor-size-default\">Habla con <span style=\"color:#8CD4D4\">abogados<\/span> expertos<\/h2>\t\t\t\t<\/div>\n\t\t\t\t<\/div>\n\t\t\t\t<div class=\"elementor-element elementor-element-abb6c00 elementor-widget__width-initial elementor-widget elementor-widget-text-editor\" data-id=\"abb6c00\" data-element_type=\"widget\" data-widget_type=\"text-editor.default\">\n\t\t\t\t<div class=\"elementor-widget-container\">\n\t\t\t\t\t\t\t\t\tTus sue\u00f1os son nuestra misi\u00f3n. Con una dedicaci\u00f3n inquebrantable, servimos con orgullo a Florida y a clientes de los 50 estados, garantizando que tus objetivos y aspiraciones sean nuestra m\u00e1xima prioridad en cada paso del camino. \t\t\t\t\t\t\t\t<\/div>\n\t\t\t\t<\/div>\n\t\t\t\t\t<\/div>\n\t\t\t\t<\/div>\n\t\t<div class=\"elementor-element elementor-element-20199f3 e-flex e-con-boxed e-con e-parent\" data-id=\"20199f3\" data-element_type=\"container\" data-settings=\"{&quot;background_background&quot;:&quot;classic&quot;}\">\n\t\t\t\t\t<div class=\"e-con-inner\">\n\t\t<div class=\"elementor-element elementor-element-ac6f3a3 e-con-full e-flex e-con e-child\" data-id=\"ac6f3a3\" data-element_type=\"container\">\n\t\t\t\t<div class=\"elementor-element elementor-element-520c318 .listaa elementor-icon-list--layout-traditional elementor-list-item-link-full_width elementor-widget elementor-widget-icon-list\" data-id=\"520c318\" data-element_type=\"widget\" data-widget_type=\"icon-list.default\">\n\t\t\t\t<div class=\"elementor-widget-container\">\n\t\t\t\t\t\t\t<ul class=\"elementor-icon-list-items\">\n\t\t\t\t\t\t\t<li class=\"elementor-icon-list-item\">\n\t\t\t\t\t\t\t\t\t\t\t<a href=\"mailto:aheartforpeople@clgfl.com\">\n\n\t\t\t\t\t\t\t\t\t\t\t\t<span class=\"elementor-icon-list-icon\">\n\t\t\t\t\t\t\t<svg xmlns=\"http:\/\/www.w3.org\/2000\/svg\" width=\"50\" height=\"38\" viewBox=\"0 0 50 38\" fill=\"none\"><path d=\"M29.4497 24.6645C28.2273 25.4795 26.8073 25.9103 25.3433 25.9103C23.8794 25.9103 22.4595 25.4795 21.237 24.6645L1.10255 11.2411C0.991397 11.1668 0.882304 11.0894 0.775391 11.0091L0.775391 33.0048C0.775391 35.5267 2.82192 37.5281 5.29867 37.5281H45.3879C47.9097 37.5281 49.9112 35.4816 49.9112 33.0048V11.009C49.8041 11.0895 49.6947 11.167 49.5833 11.2415L29.4497 24.6645Z\" fill=\"#3B8787\"><\/path><path d=\"M2.69956 8.84559L22.834 22.2691C23.5962 22.7772 24.4697 23.0313 25.3432 23.0313C26.2168 23.0313 27.0904 22.7771 27.8526 22.2691L47.9871 8.84559C49.192 8.04281 49.9113 6.69925 49.9113 5.24917C49.9113 2.75581 47.8828 0.727417 45.3895 0.727417H5.29714C2.80388 0.727513 0.775393 2.7559 0.775393 5.25157C0.774646 5.96289 0.94996 6.66334 1.2857 7.29045C1.62144 7.91756 2.10717 8.45182 2.69956 8.84559Z\" fill=\"#3B8787\"><\/path><\/svg>\t\t\t\t\t\t<\/span>\n\t\t\t\t\t\t\t\t\t\t<span class=\"elementor-icon-list-text\">aheartforpeople@clgfl.com<\/span>\n\t\t\t\t\t\t\t\t\t\t\t<\/a>\n\t\t\t\t\t\t\t\t\t<\/li>\n\t\t\t\t\t\t\t\t<li class=\"elementor-icon-list-item\">\n\t\t\t\t\t\t\t\t\t\t\t<a href=\"tel:7272140400\">\n\n\t\t\t\t\t\t\t\t\t\t\t\t<span class=\"elementor-icon-list-icon\">\n\t\t\t\t\t\t\t<svg xmlns=\"http:\/\/www.w3.org\/2000\/svg\" width=\"50\" height=\"50\" viewBox=\"0 0 50 50\" fill=\"none\"><path d=\"M48.5223 36.1815L41.6652 29.3244C39.2163 26.8755 35.0531 27.8551 34.0735 31.0387C33.3388 33.2428 30.8899 34.4673 28.6858 33.9774C23.7879 32.7529 17.1758 26.3857 15.9513 21.2429C15.2166 19.0387 16.686 16.5898 18.89 15.8552C22.0736 14.8756 23.0532 10.7124 20.6043 8.26348L13.7472 1.40642C11.7881 -0.307838 8.84934 -0.307838 7.13508 1.40642L2.48208 6.05942C-2.17092 10.9573 2.97187 23.9367 14.4819 35.4468C25.992 46.9568 38.9714 52.3446 43.8693 47.4466L48.5223 42.7936C50.2366 40.8345 50.2366 37.8957 48.5223 36.1815Z\" fill=\"#3B8787\"><\/path><\/svg>\t\t\t\t\t\t<\/span>\n\t\t\t\t\t\t\t\t\t\t<span class=\"elementor-icon-list-text\">727-214-0400<\/span>\n\t\t\t\t\t\t\t\t\t\t\t<\/a>\n\t\t\t\t\t\t\t\t\t<\/li>\n\t\t\t\t\t\t\t\t<li class=\"elementor-icon-list-item\">\n\t\t\t\t\t\t\t\t\t\t\t<a href=\"https:\/\/maps.app.goo.gl\/XncJbUN8cUV4mA1G7\" rel=\"nofollow noopener\" target=\"_blank\">\n\n\t\t\t\t\t\t\t\t\t\t\t\t<span class=\"elementor-icon-list-icon\">\n\t\t\t\t\t\t\t<svg xmlns=\"http:\/\/www.w3.org\/2000\/svg\" width=\"50\" height=\"50\" viewBox=\"0 0 50 50\" fill=\"none\"><path d=\"M25.6896 0.656128C15.9856 0.656128 8.09082 8.55087 8.09082 18.2548C8.09082 30.2976 23.84 47.9772 24.5105 48.7239C25.1403 49.4254 26.2399 49.4242 26.8686 48.7239C27.5391 47.9772 43.2883 30.2976 43.2883 18.2548C43.2881 8.55087 35.3934 0.656128 25.6896 0.656128ZM25.6896 27.1091C20.8072 27.1091 16.8353 23.1371 16.8353 18.2548C16.8353 13.3724 20.8073 9.40049 25.6896 9.40049C30.5718 9.40049 34.5437 13.3725 34.5437 18.2549C34.5437 23.1372 30.5718 27.1091 25.6896 27.1091Z\" fill=\"#3B8787\"><\/path><\/svg>\t\t\t\t\t\t<\/span>\n\t\t\t\t\t\t\t\t\t\t<span class=\"elementor-icon-list-text\">2901 1st Ave. N. Ste. 303 Saint <br>Petersburg, FL 33713<\/span>\n\t\t\t\t\t\t\t\t\t\t\t<\/a>\n\t\t\t\t\t\t\t\t\t<\/li>\n\t\t\t\t\t\t<\/ul>\n\t\t\t\t\t\t<\/div>\n\t\t\t\t<\/div>\n\t\t\t\t<div class=\"elementor-element elementor-element-207b3f7 elementor-widget__width-initial elementor-widget elementor-widget-html\" data-id=\"207b3f7\" data-element_type=\"widget\" data-widget_type=\"html.default\">\n\t\t\t\t<div class=\"elementor-widget-container\">\n\t\t\t\t\t<iframe src=\"https:\/\/www.google.com\/maps\/d\/embed?mid=1sFPLJVduKUNTM0fBNy7zWPLkDmukcG4&amp;ehbc=2E312F\" width=\"1000\" height=\"480\"><\/iframe>\t\t\t\t<\/div>\n\t\t\t\t<\/div>\n\t\t\t\t<\/div>\n\t\t<div class=\"elementor-element elementor-element-446c524 e-con-full e-flex e-con e-child\" data-id=\"446c524\" data-element_type=\"container\">\n\t\t\t\t<div class=\"elementor-element elementor-element-1d6d5db elementor-widget elementor-widget-html\" data-id=\"1d6d5db\" data-element_type=\"widget\" data-widget_type=\"html.default\">\n\t\t\t\t<div class=\"elementor-widget-container\">\n\t\t\t\t\t<style>.form-bg-blue {\n  position: relative;\n  width: 100%;\n  max-width: 700px;\n  display: flex;\n  justify-content: center;\n  align-items: center;\n}\n\n\n\n\/* --- Form Container --- *\/\n.form-wrapper {\n  position: relative;\n  background: #8CD4D4;\n  padding: 24px;\n  max-width: 640px;\n  width: 100%;\nborder-radius: 8px;\n  z-index: 1;\n}\n\n\/* --- Title --- *\/\n.case-form h2 {\n  font-size: 20px;\n  color: #111;\n  text-align: left;\n  font-weight: 500;\n  margin-bottom: 30px;\n      font-family: \"Playfair Display\", Sans-serif !important;\n}\n\n\/* --- Form Fields --- *\/\n.case-form input,\n.case-form textarea {\n  width: 100%;\n  padding: 14px 18px;\n  font-size: 15px;\n  border: 1px solid #eee;\n  border-radius: 8px;\n  outline: none;\n  background: #fafafa;\n  margin-bottom: 18px;\n  transition: border-color 0.2s ease;\n}\n\n.case-form input:focus,\n.case-form textarea:focus {\n  border-color: #00796b;\n  background: #fff;\n}\n\n\/* --- Two Inputs in a Row --- *\/\n.form-row {\n  display: flex;\n  gap: 20px;\n}\n\n.form-row input {\n  flex: 1;\n}\n\n\/* --- Checkbox --- *\/\n.checkbox {\n  display: flex;\n  align-items: flex-start;\n  font-size: 12px;\n  color: #000;\n  line-height: 1.4;\n  margin-bottom: 22px;\n}\n\n.checkbox input {\n  margin-right: 8px;\n  margin-top: 2px;\n  max-width: fit-content;\n}\n\n\/* --- Submit Button --- *\/\n.case-form button {\n  background: #000;\n  color: #fff;\n  font-size: 16px;\n  font-weight: 500;\n  border: none;\n  border-radius: 50px;\n  padding: 16px 20px;\n  width: 100%;\n  cursor: pointer;\n  transition: background 0.3s ease;\n}\n\n.case-form button:hover {\n  background: #333;\n}\n\n\/* --- Responsive --- *\/\n@media (max-width: 600px) {\n  .form-row {\n    flex-direction: column;\n    gap: 0;\n  }\n\n  .form-wrapper {\n    padding: 30px 25px;\n  }\n}\n\n\n\n<\/style><body><div class=\"form-bg-blue\"><div class=\"form-wrapper\"><script id=\"lm-embedded-script\">!function(e,t,n,a,s,c,i){\n    if(!e[s]){\n      i=e[s]=function(){\n        i.process ? i.process.apply(i,arguments) : i.queue.push(arguments)\n      },\n      i.queue=[],\n      i.t=1*new Date;\n      var o=t.createElement(n);\n      o.async=1;\n      o.src=a+\"?t=\"+Math.ceil(new Date\/c)*c;\n      var r=t.getElementsByTagName(n)[0];\n      r.parentNode.insertBefore(o,r)\n    }\n  }(window,document,\"script\",\"https:\/\/navi.lawmatics.com\/intake.min.js\",\"lm_intake\",864e5),\n  lm_intake(\"f462c257-727a-49d5-9608-3d5f619c50cb\", \"lm-embedded-script\", {});\n  <\/script><!--<form class=\"case-form\">--><!--  <h2>Submit The Form Below To Get Help<\/h2>--><!--  <div class=\"form-row\">--><!--    <input type=\"text\" placeholder=\"First Name*\" required>--><!--    <input type=\"text\" placeholder=\"Last Name*\" required>--><!--  <\/div>--><!--  <input type=\"tel\" placeholder=\"Phone Number*\" required>--><!--  <input type=\"email\" placeholder=\"Email*\" required>--><!--  <textarea placeholder=\"Brief Description of your case...\" rows=\"4\"><\/textarea>--><!--  <label class=\"checkbox\">--><!--    <input type=\"checkbox\" required>--><!--    <span>I agree to Colman Law contacting me using the contact details I\u2019ve shared.*<\/span>--><!--  <\/label>--><!--  <button type=\"submit\">Get Your Free Case Evaluation<\/button>--><!--<\/form>--><\/div><\/div><\/body>\t\t\t\t<\/div>\n\t\t\t\t<\/div>\n\t\t\t\t<\/div>\n\t\t\t\t\t<\/div>\n\t\t\t\t<\/div>\n\t\t<div class=\"elementor-element elementor-element-ad63672 e-flex e-con-boxed e-con e-parent\" data-id=\"ad63672\" data-element_type=\"container\" data-settings=\"{&quot;background_background&quot;:&quot;classic&quot;}\">\n\t\t\t\t\t<div class=\"e-con-inner\">\n\t\t<div class=\"elementor-element elementor-element-2bab92e e-con-full e-flex e-con e-child\" data-id=\"2bab92e\" data-element_type=\"container\">\n\t\t\t\t<div class=\"elementor-element elementor-element-a38eac4 elementor-widget elementor-widget-heading\" data-id=\"a38eac4\" data-element_type=\"widget\" data-widget_type=\"heading.default\">\n\t\t\t\t<div class=\"elementor-widget-container\">\n\t\t\t\t\t<h2 class=\"elementor-heading-title elementor-size-default\">GU\u00cdA GRATUITA:<\/h2>\t\t\t\t<\/div>\n\t\t\t\t<\/div>\n\t\t\t\t<div class=\"elementor-element elementor-element-4a4e5d8 elementor-widget elementor-widget-text-editor\" data-id=\"4a4e5d8\" data-element_type=\"widget\" data-widget_type=\"text-editor.default\">\n\t\t\t\t<div class=\"elementor-widget-container\">\n\t\t\t\t\t\t\t\t\t13 cosas que podr\u00edan salvarte en una emergencia de inmigraci\u00f3n  \t\t\t\t\t\t\t\t<\/div>\n\t\t\t\t<\/div>\n\t\t\t\t<div class=\"elementor-element elementor-element-c6043c5 elementor-widget elementor-widget-text-editor\" data-id=\"c6043c5\" data-element_type=\"widget\" data-widget_type=\"text-editor.default\">\n\t\t\t\t<div class=\"elementor-widget-container\">\n\t\t\t\t\t\t\t\t\tNo esperes a que sea demasiado tarde. Desc\u00e1rgate esta lista de comprobaci\u00f3n esencial para protegerte a ti y a los tuyos.   \t\t\t\t\t\t\t\t<\/div>\n\t\t\t\t<\/div>\n\t\t\t\t<div class=\"elementor-element elementor-element-6ea08dc elementor-widget elementor-widget-html\" data-id=\"6ea08dc\" data-element_type=\"widget\" data-widget_type=\"html.default\">\n\t\t\t\t<div class=\"elementor-widget-container\">\n\t\t\t\t\t<style>.download-form-inline {\r\n  display: flex;\r\n  gap: 15px;\r\n  background-color: #8CD4D4; \/* teal bg (optional) *\/\r\n \r\n}\r\n\r\n.download-form-inline input {\r\n  padding: 12px 25px;\r\n  border: none;\r\n  border-radius: 50px;\r\n  outline: none;\r\n  font-size: 15px;\r\n  background: #fff;\r\n  box-shadow: 0 0 5px rgba(0,0,0,0.1);\r\n  transition: box-shadow 0.3s ease;\r\n}\r\n\r\n.download-form-inline input:focus {\r\n  box-shadow: 0 0 8px rgba(0,0,0,0.2);\r\n}\r\n\r\n.download-form-inline button {\r\n  padding: 12px 35px;\r\n  border: none;\r\n  border-radius: 50px;\r\n  background-color: #e0431b;\r\n  color: #fff;\r\n  font-weight: 600;\r\n  cursor: pointer;\r\n  font-size: 16px;\r\n  transition: background-color 0.3s ease;\r\n  white-space: nowrap;\r\n}\r\n\r\n.download-form-inline button:hover {\r\n  background-color: #c83a15;\r\n}\r\n\r\n@media (max-width: 768px) {\r\n  .download-form-inline {\r\n    flex-wrap: wrap;\r\n    gap: 10px;\r\n  }\r\n  .download-form-inline input,\r\n  .download-form-inline button {\r\n    width: 100%;\r\n  }\r\n}\r\n\r\n<\/style><div class=\"download-form-inline\"><input type=\"email\" placeholder=\"Email Address (Required)\" required><input type=\"text\" placeholder=\"First Name (Required)\" required><input type=\"text\" placeholder=\"Last Name (Optional)\"><button type=\"submit\">Download Now<\/button><\/div>\t\t\t\t<\/div>\n\t\t\t\t<\/div>\n\t\t\t\t<\/div>\n\t\t<div class=\"elementor-element elementor-element-596a13e e-con-full e-flex e-con e-child\" data-id=\"596a13e\" data-element_type=\"container\">\n\t\t\t\t<div class=\"elementor-element elementor-element-54402ec elementor-widget elementor-widget-image\" data-id=\"54402ec\" data-element_type=\"widget\" data-widget_type=\"image.default\">\n\t\t\t\t<div class=\"elementor-widget-container\">\n\t\t\t\t\t\t\t\t\t\t\t\t\t\t\t<img decoding=\"async\" width=\"311\" height=\"428\" src=\"https:\/\/thecolemanlawgroup.com\/wp-content\/uploads\/2025\/10\/image-5.png\" class=\"attachment-full size-full wp-image-31861\" alt=\"\" srcset=\"https:\/\/thecolemanlawgroup.com\/wp-content\/uploads\/2025\/10\/image-5.png 311w, https:\/\/thecolemanlawgroup.com\/wp-content\/uploads\/2025\/10\/image-5-218x300.png 218w\" sizes=\"(max-width: 311px) 100vw, 311px\">\t\t\t\t\t\t\t\t\t\t\t\t\t\t\t<\/div>\n\t\t\t\t<\/div>\n\t\t\t\t<\/div>\n\t\t\t\t\t<\/div>\n\t\t\t\t<\/div>\n\t\t\t\t<\/div>\n\t\t","protected":false},"excerpt":{"rendered":"<p>Contactanos Estaremos encantados de hablar con usted. Habla con abogados expertos Tus sue\u00f1os son nuestra misi\u00f3n. Con una dedicaci\u00f3n inquebrantable, servimos con orgullo a Florida y a clientes de los 50 estados, garantizando que tus objetivos y aspiraciones sean nuestra m\u00e1xima prioridad en cada paso del camino. aheartforpeople@clgfl.com 727-214-0400 2901 1st Ave. N. Ste. 303 [&hellip;]<\/p>\n","protected":false},"author":22,"featured_media":0,"parent":0,"menu_order":0,"comment_status":"closed","ping_status":"closed","template":"elementor_header_footer","meta":{"inline_featured_image":false,"footnotes":""},"class_list":["post-31992","page","type-page","status-publish","hentry"],"_links":{"self":[{"href":"https:\/\/thecolemanlawgroup.com\/es\/wp-json\/wp\/v2\/pages\/31992","targetHints":{"allow":["GET"]}}],"collection":[{"href":"https:\/\/thecolemanlawgroup.com\/es\/wp-json\/wp\/v2\/pages"}],"about":[{"href":"https:\/\/thecolemanlawgroup.com\/es\/wp-json\/wp\/v2\/types\/page"}],"author":[{"embeddable":true,"href":"https:\/\/thecolemanlawgroup.com\/es\/wp-json\/wp\/v2\/users\/22"}],"replies":[{"embeddable":true,"href":"https:\/\/thecolemanlawgroup.com\/es\/wp-json\/wp\/v2\/comments?post=31992"}],"version-history":[{"count":3,"href":"https:\/\/thecolemanlawgroup.com\/es\/wp-json\/wp\/v2\/pages\/31992\/revisions"}],"predecessor-version":[{"id":33071,"href":"https:\/\/thecolemanlawgroup.com\/es\/wp-json\/wp\/v2\/pages\/31992\/revisions\/33071"}],"wp:attachment":[{"href":"https:\/\/thecolemanlawgroup.com\/es\/wp-json\/wp\/v2\/media?parent=31992"}],"curies":[{"name":"wp","href":"https:\/\/api.w.org\/{rel}","templated":true}]}}