{"id":34016,"date":"2025-12-12T17:49:59","date_gmt":"2025-12-12T17:49:59","guid":{"rendered":"https:\/\/thecolemanlawgroup.com\/politica-de-privacidad\/"},"modified":"2026-05-12T14:32:45","modified_gmt":"2026-05-12T14:32:45","slug":"politica-de-privacidad","status":"publish","type":"page","link":"https:\/\/thecolemanlawgroup.com\/es\/politica-de-privacidad\/","title":{"rendered":"Pol\u00edtica de privacidad"},"content":{"rendered":"\t\t<div data-elementor-type=\"wp-page\" data-elementor-id=\"34016\" class=\"elementor elementor-34016 elementor-30257\" data-elementor-post-type=\"page\">\n\t\t\t\t<div class=\"elementor-element elementor-element-82f5cee e-flex e-con-boxed e-con e-parent\" data-id=\"82f5cee\" data-element_type=\"container\" data-settings=\"{&quot;background_background&quot;:&quot;classic&quot;}\">\n\t\t\t\t\t<div class=\"e-con-inner\">\n\t\t<div class=\"elementor-element elementor-element-26cd304 e-con-full e-flex e-con e-child\" data-id=\"26cd304\" data-element_type=\"container\">\n\t\t<div class=\"elementor-element elementor-element-69c4979 e-con-full e-flex e-con e-child\" data-id=\"69c4979\" data-element_type=\"container\">\n\t\t\t\t<div class=\"elementor-element elementor-element-5eff742 elementor-widget elementor-widget-heading\" data-id=\"5eff742\" data-element_type=\"widget\" data-widget_type=\"heading.default\">\n\t\t\t\t<div class=\"elementor-widget-container\">\n\t\t\t\t\t<h1 class=\"elementor-heading-title elementor-size-default\">Pol\u00edtica de privacidad<\/h1>\t\t\t\t<\/div>\n\t\t\t\t<\/div>\n\t\t\t\t<div class=\"elementor-element elementor-element-7f4d7ad elementor-widget elementor-widget-image\" data-id=\"7f4d7ad\" data-element_type=\"widget\" data-widget_type=\"image.default\">\n\t\t\t\t<div class=\"elementor-widget-container\">\n\t\t\t\t\t\t\t\t\t\t\t\t\t\t\t<img fetchpriority=\"high\" decoding=\"async\" width=\"702\" height=\"94\" src=\"https:\/\/thecolemanlawgroup.com\/wp-content\/uploads\/2025\/10\/Group-1000004476.png\" class=\"attachment-large size-large wp-image-31823\" alt=\"Certificaciones y rese\u00f1as de Google\" srcset=\"https:\/\/thecolemanlawgroup.com\/wp-content\/uploads\/2025\/10\/Group-1000004476.png 702w, https:\/\/thecolemanlawgroup.com\/wp-content\/uploads\/2025\/10\/Group-1000004476-300x40.png 300w\" sizes=\"(max-width: 702px) 100vw, 702px\" \/>\t\t\t\t\t\t\t\t\t\t\t\t\t\t\t<\/div>\n\t\t\t\t<\/div>\n\t\t\t\t<\/div>\n\t\t<div class=\"elementor-element elementor-element-4fc3f67 e-con-full elementor-hidden-mobile e-flex e-con e-child\" data-id=\"4fc3f67\" data-element_type=\"container\" data-settings=\"{&quot;background_background&quot;:&quot;classic&quot;}\">\n\t\t\t\t<\/div>\n\t\t\t\t<\/div>\n\t\t\t\t\t<\/div>\n\t\t\t\t<\/div>\n\t\t<div class=\"elementor-element elementor-element-960e541 e-flex e-con-boxed e-con e-parent\" data-id=\"960e541\" data-element_type=\"container\" data-settings=\"{&quot;background_background&quot;:&quot;classic&quot;}\">\n\t\t\t\t\t<div class=\"e-con-inner\">\n\t\t\t\t<div class=\"elementor-element elementor-element-29a3b36 elementor-widget__width-inherit elementor-widget elementor-widget-text-editor\" data-id=\"29a3b36\" data-element_type=\"widget\" data-widget_type=\"text-editor.default\">\n\t\t\t\t<div class=\"elementor-widget-container\">\n\t\t\t\t\t\t\t\t\tProteger su intimidad es nuestra m\u00e1xima prioridad. Esta Pol\u00edtica de Privacidad se aplica a Coleman Law Group (en lo sucesivo, &#8220;el bufete&#8221;) y a su sitio web, https:\/\/thecolemanlawgroup.com (en lo sucesivo, &#8220;el sitio web&#8221;), y regula la recogida y el uso de datos. A los efectos de esta Pol\u00edtica de Privacidad, todas las referencias a La Firma incluyen el sitio web, Coleman Law Group, y todos sus miembros y personal. Al utilizar los servicios prestados por La Firma o visitar su sitio web, das tu consentimiento a las pr\u00e1cticas de datos descritas en esta pol\u00edtica.  <br><br>Recogida de Datos Personales Para prestar eficazmente nuestros servicios, administrar productos y cumplir los requisitos legales y reglamentarios, es posible que el Bufete necesite recoger determinados datos personales sobre ti o sobre personas relacionadas con tu caso. Esta informaci\u00f3n puede incluir, entre otras cosas: (a) Informaci\u00f3n de contacto (b) Informaci\u00f3n biogr\u00e1fica (c) Informaci\u00f3n financiera y registros fiscales \\ (d) Datos de la tarjeta de cr\u00e9dito (e) Documentos e informaci\u00f3n m\u00e9dica Obtenemos esta informaci\u00f3n de diversas fuentes, como t\u00fa, organismos gubernamentales y otras entidades autorizadas.  <br><br>Uso de la informaci\u00f3n personal La Firma recopila y utiliza tu informaci\u00f3n personal exclusivamente con el fin de prestarte los servicios que nos has contratado. Esta informaci\u00f3n tambi\u00e9n se utilizar\u00e1 para comunicarnos con usted, responder a sus solicitudes y consultas, personalizar sus interacciones con la empresa y cumplir las leyes, reglamentos, directrices u obligaciones profesionales aplicables. La Firma se compromete a mantener la confidencialidad de la informaci\u00f3n personal que recopilamos.  <br><br>  Compartir informaci\u00f3n con terceros El bufete no vende, alquila ni cede la informaci\u00f3n de sus clientes a terceros no relacionados ajenos al bufete, salvo en situaciones espec\u00edficas. Esto incluye la divulgaci\u00f3n a nuestros agentes, procesadores de datos u otros contratistas que act\u00faen en nuestro nombre y bajo nuestra supervisi\u00f3n, con sujeci\u00f3n a los acuerdos pertinentes de confidencialidad, privacidad y seguridad de la informaci\u00f3n. Tambi\u00e9n podemos compartir informaci\u00f3n cuando sea necesario para prestar un servicio que usted haya solicitado o cuando usted nos lo autorice o indique.<br><br>  La Firma puede revelar tu informaci\u00f3n personal sin previo aviso cuando as\u00ed lo exija la ley o en la creencia de buena fe de que dicha acci\u00f3n es necesaria para: (a) Cumplir con obligaciones legales o responder a procesos legales (b) Proteger y defender los derechos o la propiedad de La Firma (c) Actuar en circunstancias apremiantes para salvaguardar la seguridad personal de los miembros o clientes de La Firma Retenci\u00f3n de Informaci\u00f3n Por imperativo legal, La Firma est\u00e1 obligada a retener una copia de tu informaci\u00f3n personal durante siete (7) a\u00f1os tras la finalizaci\u00f3n o terminaci\u00f3n de nuestros servicios. Durante este periodo, no se podr\u00e1n atender las solicitudes de eliminaci\u00f3n de informaci\u00f3n de casos.  <br><br>  No es necesario que hagas nada en respuesta a esta notificaci\u00f3n. Sirve para informarle de nuestro compromiso de salvaguardar su informaci\u00f3n personal y mantener su confianza. Cambios en esta Pol\u00edtica La Firma se reserva el derecho a modificar esta Pol\u00edtica de Privacidad sin previo aviso. Los cambios importantes se comunicar\u00e1n a la direcci\u00f3n de correo electr\u00f3nico principal que tenemos registrada. El uso continuado de nuestro sitio web y nuestros servicios constituye su reconocimiento y aceptaci\u00f3n de la pol\u00edtica actualizada. Ponte en contacto con nosotros Si tienes alguna pregunta sobre el uso que hacemos de tu informaci\u00f3n personal, ponte en contacto con nuestra oficina por correo electr\u00f3nico en AHeartforPeople@clgfl.com o por correo postal en: Coleman Law Group 2901 1st Ave N., Ste. 303 San Petersburgo, FL 33713  \t\t\t\t\t\t\t\t<\/div>\n\t\t\t\t<\/div>\n\t\t\t\t\t<\/div>\n\t\t\t\t<\/div>\n\t\t\t\t<\/div>\n\t\t","protected":false},"excerpt":{"rendered":"<p>Pol\u00edtica de privacidad Proteger su intimidad es nuestra m\u00e1xima prioridad. Esta Pol\u00edtica de Privacidad se aplica a Coleman Law Group (en lo sucesivo, &#8220;el bufete&#8221;) y a su sitio web, https:\/\/thecolemanlawgroup.com (en lo sucesivo, &#8220;el sitio web&#8221;), y regula la recogida y el uso de datos. A los efectos de esta Pol\u00edtica de Privacidad, todas [&hellip;]<\/p>\n","protected":false},"author":22,"featured_media":0,"parent":0,"menu_order":0,"comment_status":"closed","ping_status":"closed","template":"elementor_header_footer","meta":{"inline_featured_image":false,"footnotes":""},"class_list":["post-34016","page","type-page","status-publish","hentry"],"_links":{"self":[{"href":"https:\/\/thecolemanlawgroup.com\/es\/wp-json\/wp\/v2\/pages\/34016","targetHints":{"allow":["GET"]}}],"collection":[{"href":"https:\/\/thecolemanlawgroup.com\/es\/wp-json\/wp\/v2\/pages"}],"about":[{"href":"https:\/\/thecolemanlawgroup.com\/es\/wp-json\/wp\/v2\/types\/page"}],"author":[{"embeddable":true,"href":"https:\/\/thecolemanlawgroup.com\/es\/wp-json\/wp\/v2\/users\/22"}],"replies":[{"embeddable":true,"href":"https:\/\/thecolemanlawgroup.com\/es\/wp-json\/wp\/v2\/comments?post=34016"}],"version-history":[{"count":2,"href":"https:\/\/thecolemanlawgroup.com\/es\/wp-json\/wp\/v2\/pages\/34016\/revisions"}],"predecessor-version":[{"id":34020,"href":"https:\/\/thecolemanlawgroup.com\/es\/wp-json\/wp\/v2\/pages\/34016\/revisions\/34020"}],"wp:attachment":[{"href":"https:\/\/thecolemanlawgroup.com\/es\/wp-json\/wp\/v2\/media?parent=34016"}],"curies":[{"name":"wp","href":"https:\/\/api.w.org\/{rel}","templated":true}]}}