{"id":34017,"date":"2025-12-12T18:03:54","date_gmt":"2025-12-12T18:03:54","guid":{"rendered":"https:\/\/thecolemanlawgroup.com\/descargo-de-responsabilidad\/"},"modified":"2026-05-12T14:32:45","modified_gmt":"2026-05-12T14:32:45","slug":"descargo-de-responsabilidad","status":"publish","type":"page","link":"https:\/\/thecolemanlawgroup.com\/es\/descargo-de-responsabilidad\/","title":{"rendered":"Descargo de responsabilidad"},"content":{"rendered":"\t\t<div data-elementor-type=\"wp-page\" data-elementor-id=\"34017\" class=\"elementor elementor-34017 elementor-30262\" data-elementor-post-type=\"page\">\n\t\t\t\t<div class=\"elementor-element elementor-element-82f5cee e-flex e-con-boxed e-con e-parent\" data-id=\"82f5cee\" data-element_type=\"container\" data-settings=\"{&quot;background_background&quot;:&quot;classic&quot;}\">\n\t\t\t\t\t<div class=\"e-con-inner\">\n\t\t<div class=\"elementor-element elementor-element-26cd304 e-con-full e-flex e-con e-child\" data-id=\"26cd304\" data-element_type=\"container\">\n\t\t<div class=\"elementor-element elementor-element-69c4979 e-con-full e-flex e-con e-child\" data-id=\"69c4979\" data-element_type=\"container\">\n\t\t\t\t<div class=\"elementor-element elementor-element-5eff742 elementor-widget elementor-widget-heading\" data-id=\"5eff742\" data-element_type=\"widget\" data-widget_type=\"heading.default\">\n\t\t\t\t<div class=\"elementor-widget-container\">\n\t\t\t\t\t<h1 class=\"elementor-heading-title elementor-size-default\">Descargo de responsabilidad<\/h1>\t\t\t\t<\/div>\n\t\t\t\t<\/div>\n\t\t\t\t<div class=\"elementor-element elementor-element-7f4d7ad elementor-widget elementor-widget-image\" data-id=\"7f4d7ad\" data-element_type=\"widget\" data-widget_type=\"image.default\">\n\t\t\t\t<div class=\"elementor-widget-container\">\n\t\t\t\t\t\t\t\t\t\t\t\t\t\t\t<img fetchpriority=\"high\" decoding=\"async\" width=\"702\" height=\"94\" src=\"https:\/\/thecolemanlawgroup.com\/wp-content\/uploads\/2025\/10\/Group-1000004476.png\" class=\"attachment-large size-large wp-image-31823\" alt=\"Certificaciones y rese\u00f1as de Google\" srcset=\"https:\/\/thecolemanlawgroup.com\/wp-content\/uploads\/2025\/10\/Group-1000004476.png 702w, https:\/\/thecolemanlawgroup.com\/wp-content\/uploads\/2025\/10\/Group-1000004476-300x40.png 300w\" sizes=\"(max-width: 702px) 100vw, 702px\" \/>\t\t\t\t\t\t\t\t\t\t\t\t\t\t\t<\/div>\n\t\t\t\t<\/div>\n\t\t\t\t<\/div>\n\t\t<div class=\"elementor-element elementor-element-4fc3f67 e-con-full elementor-hidden-mobile e-flex e-con e-child\" data-id=\"4fc3f67\" data-element_type=\"container\" data-settings=\"{&quot;background_background&quot;:&quot;classic&quot;}\">\n\t\t\t\t<\/div>\n\t\t\t\t<\/div>\n\t\t\t\t\t<\/div>\n\t\t\t\t<\/div>\n\t\t<div class=\"elementor-element elementor-element-960e541 e-flex e-con-boxed e-con e-parent\" data-id=\"960e541\" data-element_type=\"container\" data-settings=\"{&quot;background_background&quot;:&quot;classic&quot;}\">\n\t\t\t\t\t<div class=\"e-con-inner\">\n\t\t\t\t<div class=\"elementor-element elementor-element-29a3b36 elementor-widget__width-inherit elementor-widget elementor-widget-text-editor\" data-id=\"29a3b36\" data-element_type=\"widget\" data-widget_type=\"text-editor.default\">\n\t\t\t\t<div class=\"elementor-widget-container\">\n\t\t\t\t\t\t\t\t\tLa informaci\u00f3n proporcionada en este sitio web tiene \u00fanicamente fines informativos y no debe interpretarse como asesoramiento jur\u00eddico sobre ning\u00fan asunto. Los destinatarios del contenido de este sitio, ya sean clientes u otras personas, deben abstenerse de tomar decisiones basadas en el contenido sin buscar asesoramiento legal o profesional adecuado a sus circunstancias espec\u00edficas de un abogado licenciado en su respectivo estado. El contenido de este sitio web ofrece informaci\u00f3n general y puede no reflejar las \u00faltimas novedades jur\u00eddicas. Coleman Law Group declina expl\u00edcitamente cualquier responsabilidad por acciones tomadas o no tomadas basadas en alguno o todos los contenidos de este sitio web.\n<br><br>Tenga en cuenta que cualquier informaci\u00f3n transmitida a Coleman Law Group por correo electr\u00f3nico o a trav\u00e9s de este sitio web no es segura y se realiza de forma no confidencial. El env\u00edo de informaci\u00f3n desde este sitio web no establece una relaci\u00f3n abogado-cliente entre usted y Coleman Law Group, ni pretende hacerlo. La transmisi\u00f3n de contenido de este sitio web, en parte o en su totalidad, y\/o cualquier comunicaci\u00f3n con nosotros a trav\u00e9s de correo electr\u00f3nico en este sitio no crea una relaci\u00f3n abogado-cliente entre nosotros y cualquier destinatario. Nuestras respuestas a sus preguntas, comentarios o inquietudes no constituyen asesoramiento jur\u00eddico y deben considerarse meramente informativas. Para establecer una relaci\u00f3n formal de abogado-cliente, usted debe firmar manualmente un acuerdo de retenci\u00f3n con uno de nuestros abogados y pagar los honorarios requeridos a Coleman Law Group.\n<br><br>Este sitio web puede contener enlaces a otros sitios web, incluidos los gestionados por terceros. Estos enlaces se proporcionan para su comodidad, y Coleman Law Group no es responsable de los sitios enlazados ni de sus contenidos, ni los respalda a ellos ni a sus operadores.\n<br><br>Los contenidos de este sitio web se proporcionan &#8220;TAL CUAL&#8221;, sin ninguna garant\u00eda, expresa o impl\u00edcita, incluidas, entre otras, las garant\u00edas impl\u00edcitas de comerciabilidad, idoneidad para un fin determinado o no infracci\u00f3n.\n<br><br>Adem\u00e1s, Coleman Law Group no representar\u00e1 a nadie bas\u00e1ndose en este sitio web en un estado en el que el sitio web no cumpla con todas las leyes y normas \u00e9ticas pertinentes o en el que no estemos cualificados o autorizados para ejercer la abogac\u00eda.\n<br><br>Queda prohibida la reproducci\u00f3n, distribuci\u00f3n, republicaci\u00f3n y\/o retransmisi\u00f3n de los materiales contenidos en este sitio web sin el permiso previo por escrito de Coleman Law Group.\n<br><br><b>Publicidad de abogados:<\/b> Tenga en cuenta que este sitio web contiene publicidad de abogados. Los resultados anteriores no garantizan un resultado similar.\n<br><br><b>Pol\u00edtica de Privacidad:<\/b> Coleman Law Group se compromete a proteger la privacidad de las personas que utilizan Internet. Recopilamos informaci\u00f3n sobre las p\u00e1ginas a las que se accede en este sitio para medir las visitas, el tiempo medio de permanencia en el sitio, las p\u00e1ginas vistas, etc. Esta informaci\u00f3n se utiliza para mejorar el contenido del sitio web. Cuando recopilamos informaci\u00f3n a trav\u00e9s de formularios en l\u00ednea, es con el fin de atraer y comunicarnos con clientes potenciales y partes interesadas. La informaci\u00f3n recogida en nuestro sitio no se comparte con ninguna otra organizaci\u00f3n.\n<br><br><b>Declaraci\u00f3n de derechos del cliente:<\/b> Como cliente nuestro, tienes derecho a:\n<ul><li>\nCortes\u00eda y consideraci\u00f3n en todo momento.\n<li>\nUn abogado capaz de gestionar su asunto legal de forma competente y diligente.\n<li>\nJuicio profesional independiente y lealtad absoluta de su abogado.\n<li>\nUna estructura de tarifas razonable e informaci\u00f3n de facturaci\u00f3n clara.\n<li>\nDerecho a solicitar y recibir facturas detalladas a intervalos razonables.\n<li>\nRespuestas r\u00e1pidas a sus preguntas e inquietudes.\n<li>\nInformaci\u00f3n peri\u00f3dica sobre el estado de su asunto y acceso a los documentos pertinentes.\n<li>\nInformaci\u00f3n suficiente para participar de forma significativa en el desarrollo de su caso.\n<li>\nDerecho a que se respeten sus objetivos leg\u00edtimos, incluida la decisi\u00f3n de resolver su asunto.\n<li>\nPrivacidad y preservaci\u00f3n de sus secretos y confidencias.\n<li>\nConducta \u00e9tica de su abogado conforme a las normas profesionales.\n<li>\nLa representaci\u00f3n sin discriminaci\u00f3n se basa en diversos factores como raza, credo, color, religi\u00f3n, sexo, orientaci\u00f3n sexual, edad, origen nacional o discapacidad.\n<\/ul>\t\t\t\t\t\t\t\t<\/div>\n\t\t\t\t<\/div>\n\t\t\t\t\t<\/div>\n\t\t\t\t<\/div>\n\t\t\t\t<\/div>\n\t\t","protected":false},"excerpt":{"rendered":"<p>Descargo de responsabilidad La informaci\u00f3n proporcionada en este sitio web tiene \u00fanicamente fines informativos y no debe interpretarse como asesoramiento jur\u00eddico sobre ning\u00fan asunto. Los destinatarios del contenido de este sitio, ya sean clientes u otras personas, deben abstenerse de tomar decisiones basadas en el contenido sin buscar asesoramiento legal o profesional adecuado a sus [&hellip;]<\/p>\n","protected":false},"author":22,"featured_media":0,"parent":0,"menu_order":0,"comment_status":"closed","ping_status":"closed","template":"elementor_header_footer","meta":{"inline_featured_image":false,"footnotes":""},"class_list":["post-34017","page","type-page","status-publish","hentry"],"_links":{"self":[{"href":"https:\/\/thecolemanlawgroup.com\/es\/wp-json\/wp\/v2\/pages\/34017","targetHints":{"allow":["GET"]}}],"collection":[{"href":"https:\/\/thecolemanlawgroup.com\/es\/wp-json\/wp\/v2\/pages"}],"about":[{"href":"https:\/\/thecolemanlawgroup.com\/es\/wp-json\/wp\/v2\/types\/page"}],"author":[{"embeddable":true,"href":"https:\/\/thecolemanlawgroup.com\/es\/wp-json\/wp\/v2\/users\/22"}],"replies":[{"embeddable":true,"href":"https:\/\/thecolemanlawgroup.com\/es\/wp-json\/wp\/v2\/comments?post=34017"}],"version-history":[{"count":2,"href":"https:\/\/thecolemanlawgroup.com\/es\/wp-json\/wp\/v2\/pages\/34017\/revisions"}],"predecessor-version":[{"id":34021,"href":"https:\/\/thecolemanlawgroup.com\/es\/wp-json\/wp\/v2\/pages\/34017\/revisions\/34021"}],"wp:attachment":[{"href":"https:\/\/thecolemanlawgroup.com\/es\/wp-json\/wp\/v2\/media?parent=34017"}],"curies":[{"name":"wp","href":"https:\/\/api.w.org\/{rel}","templated":true}]}}